{"id":686,"date":"2025-11-17T17:11:22","date_gmt":"2025-11-17T16:11:22","guid":{"rendered":"https:\/\/faszination-reidel.de\/n\/?page_id=686"},"modified":"2025-11-18T14:40:33","modified_gmt":"2025-11-18T13:40:33","slug":"startseite","status":"publish","type":"page","link":"https:\/\/faszination-reidel.de\/n\/","title":{"rendered":"Home"},"content":{"rendered":"\n<h1 class=\"wp-block-heading\">Herzlich Willkommen bei Brille &amp; Uhr Reidel,<\/h1>\n\n\n\n<h2 class=\"wp-block-heading\">den Spezialisten f\u00fcr Augenoptik, Uhrhandwerk und Schmuck in Nu\u00dfloch<\/h2>\n\n\n\n<h3 class=\"wp-block-heading\">Unsere Philosophie:<\/h3>\n\n\n\n<p>Wir m\u00f6chten mit Edlem und edlen Materialien das Leben einfach etwas sch\u00f6ner gestalten. Vielleicht sehen Sie es genau so, dann freuen wir uns schon auf Ihren Besuch.<\/p>\n\n\n\n<p>Brille &amp; Uhr Reidel&nbsp;<\/p>\n\n\n\n<div class=\"alignnormal\"><div id=\"metaslider-id-106\" style=\"width: 100%;\" class=\"ml-slider-3-107-0 metaslider metaslider-flex metaslider-106 ml-slider ms-theme-default nav-hidden\" role=\"region\" aria-label=\"Home\" data-height=\"750\" data-width=\"1920\">\n    <div id=\"metaslider_container_106\">\n        <div id=\"metaslider_106\" class=\"flexslider\">\n            <ul class='slides'>\n                <li style=\"display: block; width: 100%;\" class=\"slide-643 ms-image \" aria-roledescription=\"slide\" data-date=\"2020-11-30 16:59:27\" data-filename=\"01.jpg\" data-slide-type=\"image\"><img loading=\"lazy\" decoding=\"async\" src=\"https:\/\/faszination-reidel.de\/n\/wp-content\/uploads\/2020\/11\/01.jpg\" height=\"750\" width=\"1920\" alt=\"\" class=\"slider-106 slide-643 msDefaultImage\" title=\"01\" \/><\/li>\n                <li style=\"display: none; width: 100%;\" class=\"slide-644 ms-image \" aria-roledescription=\"slide\" data-date=\"2020-11-30 16:59:43\" data-filename=\"02-910x355.jpg\" data-slide-type=\"image\"><img loading=\"lazy\" decoding=\"async\" src=\"https:\/\/faszination-reidel.de\/n\/wp-content\/uploads\/2020\/11\/02-910x355.jpg\" height=\"750\" width=\"1920\" alt=\"\" class=\"slider-106 slide-644 msDefaultImage\" title=\"02\" \/><\/li>\n                <li style=\"display: none; width: 100%;\" class=\"slide-135 ms-image \" aria-roledescription=\"slide\" data-date=\"2018-02-20 15:47:37\" data-filename=\"Theke_1-1920x750.jpg\" data-slide-type=\"image\"><img loading=\"lazy\" decoding=\"async\" src=\"https:\/\/faszination-reidel.de\/n\/wp-content\/uploads\/2018\/02\/Theke_1-1920x750.jpg\" height=\"750\" width=\"1920\" alt=\"\" class=\"slider-106 slide-135 msDefaultImage\" \/><\/li>\n                <li style=\"display: none; width: 100%;\" class=\"slide-505 ms-image \" aria-roledescription=\"slide\" data-date=\"2019-12-02 18:09:47\" data-filename=\"uhr_sw-1920x750.jpg\" data-slide-type=\"image\"><img loading=\"lazy\" decoding=\"async\" src=\"https:\/\/faszination-reidel.de\/n\/wp-content\/uploads\/2018\/04\/uhr_sw-1920x750.jpg\" height=\"750\" width=\"1920\" alt=\"\" class=\"slider-106 slide-505 msDefaultImage\" title=\"uhr_sw\" \/><\/li>\n                <li style=\"display: none; width: 100%;\" class=\"slide-479 ms-image \" aria-roledescription=\"slide\" data-date=\"2019-11-23 13:34:27\" data-filename=\"DSC02384-1920x750.jpg\" data-slide-type=\"image\"><img loading=\"lazy\" decoding=\"async\" src=\"https:\/\/faszination-reidel.de\/n\/wp-content\/uploads\/2018\/04\/DSC02384-1920x750.jpg\" height=\"750\" width=\"1920\" alt=\"\" class=\"slider-106 slide-479 msDefaultImage\" title=\"DSC02384\" \/><\/li>\n                <li style=\"display: none; width: 100%;\" class=\"slide-152 ms-image \" aria-roledescription=\"slide\" data-date=\"2018-04-12 11:08:54\" data-filename=\"Brille_klein-1920x750.jpg\" data-slide-type=\"image\"><img loading=\"lazy\" decoding=\"async\" src=\"https:\/\/faszination-reidel.de\/n\/wp-content\/uploads\/2018\/02\/Brille_klein-1920x750.jpg\" height=\"750\" width=\"1920\" alt=\"\" class=\"slider-106 slide-152 msDefaultImage\" \/><\/li>\n                <li style=\"display: none; width: 100%;\" class=\"slide-160 ms-image \" aria-roledescription=\"slide\" data-date=\"2018-04-12 11:22:46\" data-filename=\"DSC02382-1920x750.jpg\" data-slide-type=\"image\"><img loading=\"lazy\" decoding=\"async\" src=\"https:\/\/faszination-reidel.de\/n\/wp-content\/uploads\/2018\/04\/DSC02382-1920x750.jpg\" height=\"750\" width=\"1920\" alt=\"\" class=\"slider-106 slide-160 msDefaultImage\" \/><\/li>\n                <li style=\"display: none; width: 100%;\" class=\"slide-206 ms-image \" aria-roledescription=\"slide\" data-date=\"2018-04-13 16:03:02\" data-filename=\"teamfoto_klein-1920x750-1-e1606752398612-931x363.jpg\" data-slide-type=\"image\"><img loading=\"lazy\" decoding=\"async\" src=\"https:\/\/faszination-reidel.de\/n\/wp-content\/uploads\/2020\/01\/teamfoto_klein-1920x750-1-e1606752398612-931x363.jpg\" height=\"750\" width=\"1920\" alt=\"\" class=\"slider-106 slide-206 msDefaultImage\" title=\"teamfoto_klein-1920x750\" \/><\/li>\n            <\/ul>\n        <\/div>\n        \n    <\/div>\n<\/div><\/div>\n\n\n\n<div style=\"height:50px\" aria-hidden=\"true\" class=\"wp-block-spacer\"><\/div>\n\n\n\n<div id=\"cemContainer\"><\/div>\n<script src=\"https:\/\/mytrends.store\/media\/banner\/js\/cem_trend.min.js\" data-name=\"cemRetailer\" data-id=\"reidel\" data-format=\"2000x920\"><\/script>\n","protected":false},"excerpt":{"rendered":"<p>Herzlich Willkommen bei Brille &amp; Uhr Reidel, den Spezialisten f\u00fcr Augenoptik, Uhrhandwerk und Schmuck in Nu\u00dfloch Unsere Philosophie: Wir m\u00f6chten mit Edlem und edlen Materialien das Leben einfach etwas sch\u00f6ner gestalten. Vielleicht sehen Sie es genau so, dann freuen wir uns schon auf Ihren Besuch. Brille &amp; Uhr Reidel&nbsp;<\/p>\n","protected":false},"author":2,"featured_media":0,"parent":0,"menu_order":0,"comment_status":"closed","ping_status":"closed","template":"","meta":{"footnotes":""},"class_list":["post-686","page","type-page","status-publish","hentry"],"_links":{"self":[{"href":"https:\/\/faszination-reidel.de\/n\/wp-json\/wp\/v2\/pages\/686","targetHints":{"allow":["GET"]}}],"collection":[{"href":"https:\/\/faszination-reidel.de\/n\/wp-json\/wp\/v2\/pages"}],"about":[{"href":"https:\/\/faszination-reidel.de\/n\/wp-json\/wp\/v2\/types\/page"}],"author":[{"embeddable":true,"href":"https:\/\/faszination-reidel.de\/n\/wp-json\/wp\/v2\/users\/2"}],"replies":[{"embeddable":true,"href":"https:\/\/faszination-reidel.de\/n\/wp-json\/wp\/v2\/comments?post=686"}],"version-history":[{"count":7,"href":"https:\/\/faszination-reidel.de\/n\/wp-json\/wp\/v2\/pages\/686\/revisions"}],"predecessor-version":[{"id":709,"href":"https:\/\/faszination-reidel.de\/n\/wp-json\/wp\/v2\/pages\/686\/revisions\/709"}],"wp:attachment":[{"href":"https:\/\/faszination-reidel.de\/n\/wp-json\/wp\/v2\/media?parent=686"}],"curies":[{"name":"wp","href":"https:\/\/api.w.org\/{rel}","templated":true}]}}