{"id":14,"date":"2018-02-12T18:00:27","date_gmt":"2018-02-12T17:00:27","guid":{"rendered":"http:\/\/faszination-reidel.de\/n\/?page_id=14"},"modified":"2019-11-25T14:34:21","modified_gmt":"2019-11-25T13:34:21","slug":"werkstatt","status":"publish","type":"page","link":"https:\/\/faszination-reidel.de\/n\/werkstatt\/","title":{"rendered":"Werkstatt"},"content":{"rendered":"<h2>Unser Service f\u00fcr Sie:<\/h2>\n<p><a href=\"http:\/\/www.faszination-reidel.de\/html\/werkstatt.html#uhren\">Uhren<\/a>&nbsp;&nbsp;&nbsp;&nbsp;&nbsp;<a href=\"http:\/\/www.faszination-reidel.de\/html\/werkstatt.html#schmuck\">Schmuck<\/a>&nbsp;&nbsp;&nbsp;&nbsp;&nbsp;<a href=\"http:\/\/www.faszination-reidel.de\/html\/werkstatt.html#optik\">Optik<\/a><\/p>\n<h3><a name=\"uhren\"><\/a>Uhren<\/h3>\n<p>Eigene Reparaturwerkstatt im Hause f\u00fcr:<\/p>\n<ul>\n<li>Gross- und Kleinuhren (mechanisch und Quarz)<\/li>\n<li>Spezialist f\u00fcr mechanische Chronographen aller Fabrikate<\/li>\n<li>Regulierung von mechanischen Uhren<\/li>\n<li>Funktionskontrolle von Quarz- und mechanischen Uhren<\/li>\n<li>Kontrolle der Gangabweichung von Quarz- und mechanischen Uhren<\/li>\n<li>Batteriewechsel bei Quarzuhren aller Marken<\/li>\n<li>Pr\u00fcfung der Wasserdichte der Uhren<\/li>\n<\/ul>\n<h3><a name=\"schmuck\"><\/a>Schmuck<\/h3>\n<p>Ausf\u00fchrung s\u00e4mtlicher Schmuckreparaturen<\/p>\n<ul>\n<li>L\u00f6tungen<\/li>\n<li>Ringweiten\u00e4nderung<\/li>\n<li>Aufziehen und Knoten von Perlen und Steinketten<\/li>\n<li>Schmuckreinigung und Aufbereitung<\/li>\n<li>Umarbeitung Ihrer Schmuckst\u00fccke nach individuellen Vorstellungen<\/li>\n<\/ul>\n<h3><a name=\"optik\"><\/a>Optik<\/h3>\n<ul>\n<li>Brillenglasbestimmung<\/li>\n<li>Sehtest ohne Wartezeit<\/li>\n<li>Video Zentriersystem<\/li>\n<li>Videounterst\u00fctzte Fassungswahl<\/li>\n<li>Sportbrillenberatung<\/li>\n<li>Kontaktlinsenanpassung<\/li>\n<li>Bildschirmarbeitsplatzbrillen<\/li>\n<li>F\u00fchrerscheinsehtests<\/li>\n<li>Kostenloser Austausch von Nasenpads und B\u00fcgelenden<\/li>\n<li>Brillenanpassung<\/li>\n<li>Brilleninspektion<\/li>\n<li>Brillenreinigung mit Ultraschall<\/li>\n<li>Reparaturservice<\/li>\n<li>Hausbesuche und Termine nach Absprache<\/li>\n<\/ul>\n","protected":false},"excerpt":{"rendered":"<p>Unser Service f\u00fcr Sie: Uhren&nbsp;&nbsp;&nbsp;&nbsp;&nbsp;Schmuck&nbsp;&nbsp;&nbsp;&nbsp;&nbsp;Optik Uhren Eigene Reparaturwerkstatt im Hause f\u00fcr: Gross- und Kleinuhren (mechanisch und Quarz) Spezialist f\u00fcr mechanische Chronographen aller Fabrikate Regulierung von mechanischen Uhren Funktionskontrolle von Quarz- und mechanischen Uhren Kontrolle der Gangabweichung von Quarz- und mechanischen Uhren Batteriewechsel bei Quarzuhren aller Marken Pr\u00fcfung der Wasserdichte der Uhren Schmuck Ausf\u00fchrung s\u00e4mtlicher Schmuckreparaturen &hellip; <a href=\"https:\/\/faszination-reidel.de\/n\/werkstatt\/\" class=\"more-link\"><span class=\"screen-reader-text\">Werkstatt<\/span> weiterlesen<\/a><\/p>\n","protected":false},"author":1,"featured_media":200,"parent":0,"menu_order":0,"comment_status":"closed","ping_status":"closed","template":"","meta":{"footnotes":""},"class_list":["post-14","page","type-page","status-publish","has-post-thumbnail","hentry"],"_links":{"self":[{"href":"https:\/\/faszination-reidel.de\/n\/wp-json\/wp\/v2\/pages\/14","targetHints":{"allow":["GET"]}}],"collection":[{"href":"https:\/\/faszination-reidel.de\/n\/wp-json\/wp\/v2\/pages"}],"about":[{"href":"https:\/\/faszination-reidel.de\/n\/wp-json\/wp\/v2\/types\/page"}],"author":[{"embeddable":true,"href":"https:\/\/faszination-reidel.de\/n\/wp-json\/wp\/v2\/users\/1"}],"replies":[{"embeddable":true,"href":"https:\/\/faszination-reidel.de\/n\/wp-json\/wp\/v2\/comments?post=14"}],"version-history":[{"count":4,"href":"https:\/\/faszination-reidel.de\/n\/wp-json\/wp\/v2\/pages\/14\/revisions"}],"predecessor-version":[{"id":489,"href":"https:\/\/faszination-reidel.de\/n\/wp-json\/wp\/v2\/pages\/14\/revisions\/489"}],"wp:featuredmedia":[{"embeddable":true,"href":"https:\/\/faszination-reidel.de\/n\/wp-json\/wp\/v2\/media\/200"}],"wp:attachment":[{"href":"https:\/\/faszination-reidel.de\/n\/wp-json\/wp\/v2\/media?parent=14"}],"curies":[{"name":"wp","href":"https:\/\/api.w.org\/{rel}","templated":true}]}}